{"id":6,"date":"2016-05-03T17:46:01","date_gmt":"2016-05-03T16:46:01","guid":{"rendered":"https:\/\/www.demenagement-arrieus-64.com\/?page_id=6"},"modified":"2023-12-04T10:37:16","modified_gmt":"2023-12-04T09:37:16","slug":"demenagement","status":"publish","type":"page","link":"https:\/\/www.demenagement-arrieus-64.com\/","title":{"rendered":"Arrieus 64 D\u00e9m\u00e9nagement"},"content":{"rendered":"\n<p>Il est temps pour vous de d\u00e9m\u00e9nager, c&rsquo;est un moment dans la vie qui doit \u00eatre fait tr\u00e8s s\u00e9rieusement.<\/p>\n\n\n\n<p>D&rsquo;apr\u00e8s un sondage r\u00e9cent, il s&rsquo;agirait du troisi\u00e8me facteur de stress apr\u00e8s la mort d&rsquo;un proche ou encore d&rsquo;un emploi, c&rsquo;est pourquoi, cet article va vous aider \u00e0 vous y pr\u00e9parer avec le plus d&rsquo;informations possible. Je viens de trouver un logement et j&rsquo;aimerais bient\u00f4t d\u00e9m\u00e9nager. Je vais donc devoir effectuer diff\u00e9rentes d\u00e9marches avec les personnes et organismes avec qui j&rsquo;ai des dossiers me concernant.<\/p>\n\n\n\n<div id=\"textpreview\">\n<p>Voici une explication des d\u00e9marches pour pr\u00e9parer son <a href=\"https:\/\/demenageur.com\/devis-demenagement\/\">demenagement<\/a> faire un devis demenagement gratuitement.<\/p>\n<\/div>\n\n\n\n<h2 class=\"wp-block-heading\">Choisir son d\u00e9m\u00e9nageur<\/h2>\n\n\n\n<div>Si vous n&rsquo;avez pas de disponibilit\u00e9s ou d&rsquo;aides de vos amis pour d\u00e9m\u00e9nager, il est tout \u00e0 fait possible pour vous de contacter une entreprise de d\u00e9m\u00e9nagement qui va s&rsquo;occuper du d\u00e9m\u00e9nagement de toutes vos affaires de fa\u00e7on professionnelle. Il va \u00e9videmment pour vous, falloir choisir de fa\u00e7on s\u00e9rieuse les prestataires qui vous entourent. Les prix vont pouvoir varier \u00e9norm\u00e9ment d&rsquo;un demenageur \u00e0 l&rsquo;autre, il faut donc, pour \u00eatre serein, demandez un devis de d\u00e9m\u00e9nagement d\u00e9taill\u00e9 qui va mentionner toutes les r\u00e9f\u00e9rences de la soci\u00e9t\u00e9, ainsi que votre adresse, le lieu, la date, ainsi que toutes les modalit\u00e9s de paiement. Attention, il doit y figurer le montant HT et le montant TTC, ainsi que les options et services qui peuvent \u00eatre inclus.<br>\nPour une fourchette de prix, on estime entre 1000 et 1300 euros pour 20m3 et jusqu&rsquo;\u00e0 200km.<\/div>\n\n\n\n<h2 class=\"wp-block-heading\">Des professionnels pour d\u00e9m\u00e9nager en s\u00e9curit\u00e9<\/h2>\n\n\n\n<div>\n<p>Vous allez voir que demander les services d&rsquo;un d\u00e9m\u00e9nageur comp\u00e9tent peut simplifier tous les soucis qui vont \u00eatre en relation avec l&rsquo;organisation technique de ce moment de vie (transport lointain, emballage, d\u00e9chargement sans casses, sans blessures physiques, &#8230;). Bien choisir un mauvais d\u00e9m\u00e9nageur va augmenter votre stress et vous d\u00e9go\u00fbter de ce moment merveilleux.A l&rsquo;heure de l&rsquo;article, en France, il existe environ 2000 soci\u00e9t\u00e9s de d\u00e9m\u00e9nagement&nbsp;. Il va falloir ne pas se tromper et d\u00e9couvrir comment bien choisir. Quand on choisit une soci\u00e9t\u00e9 de d\u00e9m\u00e9nagement, il ne faut pas s&rsquo;arr\u00eater au prix et aux tarifs des options propos\u00e9es pour tenter de diminuer les frais. Voici quelques points qui sont aussi importants dans votre recherche pour le d\u00e9m\u00e9nagement et pour pr\u00e9server vos cartons de d\u00e9m\u00e9nagement.<\/p>\n<\/div>\n\n\n\n<h2 class=\"wp-block-heading\">Un d\u00e9m\u00e9nagement officiel<\/h2>\n\n\n\n<div>Voici les points que vous allez v\u00e9rifier, pour vous assurer que le d\u00e9m\u00e9nageur n&rsquo;est pas un arnaqueur. Il doit d\u00e9j\u00e0 avoir immatricul\u00e9 son entreprise au RCS (registre des commerces et des soci\u00e9t\u00e9s). Il faut aussi savoir que d\u00e9m\u00e9nageur est un m\u00e9tier r\u00e9glement\u00e9 et qu&rsquo;il y a des obligations pour celui-ci au regard de la loi.<br>\nLe d\u00e9m\u00e9nageur doit \u00eatre inscrit au RT (registre des transports), mais aussi avoir une licence pour le transport pour tous les camions qu&rsquo;il va utiliser pour d\u00e9m\u00e9nager.<br>\nVoici une remarque int\u00e9ressante pour vous : le devis d\u00e9m\u00e9nageur est bien un contrat, c&rsquo;est un document qui fait office de contrat et qui doit contenir plusieurs mentions obligatoires au regard de la loi. A partir de l\u00e0, vous pourrez commencer \u00e0 \u00e9liminer tous les d\u00e9m\u00e9nageurs qui ne rentreront pas dans ce cadre, car hors-la-loi.Autre point int\u00e9ressant pour choisir le d\u00e9m\u00e9nageur, c&rsquo;est l&rsquo;avis des clients. Si l&rsquo;on d\u00e9passe le simple respect de la l\u00e9gislation, il faut savoir quelle soci\u00e9t\u00e9 de d\u00e9m\u00e9nagement poss\u00e8de de r\u00e9elles comp\u00e9tences techniques sur ce m\u00e9tier. On pensera tout d&rsquo;abord \u00e0 l&rsquo;anciennet\u00e9 de la soci\u00e9t\u00e9, ce qui est facilement v\u00e9rifiable, il vous faudra aussi obtenir des avis de clients pour vous faire une id\u00e9e de la qualit\u00e9 de prestation.<br>\nPour cela, il suffit d&rsquo;aller tra\u00eener sur le web et de regarder tout ce qui est en lien avec cette soci\u00e9t\u00e9. De plus, si vous avez recherch\u00e9 un d\u00e9m\u00e9nageur pas loin de chez vous, vous allez facilement avoir des connaissances qui ont eu \u00e0 faire \u00e0 lui et donc d&rsquo;avoir un avis \u00e9clair\u00e9 sur la question.Dans le cas o\u00f9 aucun de vos amis ne conna\u00eet cette soci\u00e9t\u00e9 de d\u00e9management, il ne faut pas h\u00e9siter \u00e0 tra\u00eener aussi sur les r\u00e9seaux sociaux ou sur les sites d&rsquo;avis client officiels, comme Trustpilot ou Ekomi, de bons sites de r\u00e9putation.<br>\nLa chance que vous avez avec ces sites, c&rsquo;est qu&rsquo;il vont consulter directement les clients des entreprises \u00e9valu\u00e9es, et vous ne pourrez pas \u00eatre induits par de mauvais avis qui mettent trop en avant la soci\u00e9t\u00e9 car ils sont faux, ou encore l&rsquo;inverse des gens \u00e9nerv\u00e9s qui critiquent ce d\u00e9m\u00e9nageur.De plus, le d\u00e9m\u00e9nageur va venir effectuer une visite pour faire un bilan chez vous. Ce sera l&rsquo;occasion de vous faire un premier avis sur la personne, son s\u00e9rieux, ses comp\u00e9tences, simplement en posant quelques questions, vous aurez effectivement le pouvoir de constater s&rsquo;il vaut le coup ou non.Voil\u00e0, en prenant tout nos conseils et en v\u00e9rifiant plusieurs d\u00e9tails chez ces soci\u00e9t\u00e9s, vous allez facilement pouvoir choisir quelqu&rsquo;un de confiance qui fera un bon travail pour vous et vous allez pouvoir pr\u00e9parer vos cartons de d\u00e9m\u00e9nagement.<\/div>\n\n\n\n<div><\/div>\n\n\n\n<div>Ce site n&rsquo;est pas la propri\u00e9t\u00e9 de Demenagement Arrieus<\/div>\n","protected":false},"excerpt":{"rendered":"<p>Il est temps pour vous de d\u00e9m\u00e9nager, c&rsquo;est un moment dans la vie qui doit \u00eatre fait tr\u00e8s s\u00e9rieusement. D&rsquo;apr\u00e8s un sondage r\u00e9cent, il s&rsquo;agirait du troisi\u00e8me facteur de stress apr\u00e8s la mort d&rsquo;un proche ou encore d&rsquo;un emploi, c&rsquo;est pourquoi, cet article va vous aider \u00e0 vous y pr\u00e9parer avec le plus d&rsquo;informations possible. &hellip; <a href=\"https:\/\/www.demenagement-arrieus-64.com\/\" class=\"more-link\">Continuer la lecture de <span class=\"screen-reader-text\">Arrieus 64 D\u00e9m\u00e9nagement<\/span> <span class=\"meta-nav\">&rarr;<\/span><\/a><\/p>\n","protected":false},"author":1,"featured_media":0,"parent":0,"menu_order":0,"comment_status":"closed","ping_status":"closed","template":"","meta":{"_seopress_robots_primary_cat":"","_seopress_titles_title":"","_seopress_titles_desc":"","_seopress_robots_index":"","footnotes":""},"class_list":["post-6","page","type-page","status-publish","hentry"],"_links":{"self":[{"href":"https:\/\/www.demenagement-arrieus-64.com\/index.php\/wp-json\/wp\/v2\/pages\/6","targetHints":{"allow":["GET"]}}],"collection":[{"href":"https:\/\/www.demenagement-arrieus-64.com\/index.php\/wp-json\/wp\/v2\/pages"}],"about":[{"href":"https:\/\/www.demenagement-arrieus-64.com\/index.php\/wp-json\/wp\/v2\/types\/page"}],"author":[{"embeddable":true,"href":"https:\/\/www.demenagement-arrieus-64.com\/index.php\/wp-json\/wp\/v2\/users\/1"}],"replies":[{"embeddable":true,"href":"https:\/\/www.demenagement-arrieus-64.com\/index.php\/wp-json\/wp\/v2\/comments?post=6"}],"version-history":[{"count":8,"href":"https:\/\/www.demenagement-arrieus-64.com\/index.php\/wp-json\/wp\/v2\/pages\/6\/revisions"}],"predecessor-version":[{"id":21,"href":"https:\/\/www.demenagement-arrieus-64.com\/index.php\/wp-json\/wp\/v2\/pages\/6\/revisions\/21"}],"wp:attachment":[{"href":"https:\/\/www.demenagement-arrieus-64.com\/index.php\/wp-json\/wp\/v2\/media?parent=6"}],"curies":[{"name":"wp","href":"https:\/\/api.w.org\/{rel}","templated":true}]}}